{"id":3220,"date":"2024-10-01T07:02:15","date_gmt":"2024-10-01T07:02:15","guid":{"rendered":"https:\/\/villa-events.com\/?page_id=3220"},"modified":"2024-10-01T09:16:54","modified_gmt":"2024-10-01T09:16:54","slug":"impressum","status":"publish","type":"page","link":"https:\/\/villa-events.com\/en\/impressum\/","title":{"rendered":"Legal Disclosure"},"content":{"rendered":"<div data-elementor-type=\"wp-page\" data-elementor-id=\"3220\" class=\"elementor elementor-3220\" data-elementor-settings=\"{&quot;ha_cmc_init_switcher&quot;:&quot;no&quot;}\">\n\t\t\t\t\t\t<section class=\"elementor-section elementor-top-section elementor-element elementor-element-67432656 elementor-section-boxed elementor-section-height-default elementor-section-height-default\" data-id=\"67432656\" data-element_type=\"section\" data-e-type=\"section\" data-settings=\"{&quot;background_background&quot;:&quot;classic&quot;,&quot;_ha_eqh_enable&quot;:false}\">\n\t\t\t\t\t\t\t<div class=\"elementor-background-overlay\"><\/div>\n\t\t\t\t\t\t\t<div class=\"elementor-container elementor-column-gap-no\">\n\t\t\t\t\t<div class=\"elementor-column elementor-col-100 elementor-top-column elementor-element elementor-element-4721a9e0\" data-id=\"4721a9e0\" data-element_type=\"column\" data-e-type=\"column\">\n\t\t\t<div class=\"elementor-widget-wrap elementor-element-populated\">\n\t\t\t\t\t\t<section class=\"elementor-section elementor-inner-section elementor-element elementor-element-21fe47ff elementor-reverse-mobile elementor-section-full_width elementor-section-height-default elementor-section-height-default\" data-id=\"21fe47ff\" data-element_type=\"section\" data-e-type=\"section\" data-settings=\"{&quot;_ha_eqh_enable&quot;:false}\">\n\t\t\t\t\t\t<div class=\"elementor-container elementor-column-gap-no\">\n\t\t\t\t\t<div class=\"elementor-column elementor-col-100 elementor-inner-column elementor-element elementor-element-3e67b8ee\" data-id=\"3e67b8ee\" data-element_type=\"column\" data-e-type=\"column\" data-settings=\"{&quot;background_background&quot;:&quot;classic&quot;}\">\n\t\t\t<div class=\"elementor-widget-wrap elementor-element-populated\">\n\t\t\t\t\t\t<div class=\"elementor-element elementor-element-7c6843d4 elementor-invisible elementor-widget elementor-widget-heading\" data-id=\"7c6843d4\" data-element_type=\"widget\" data-e-type=\"widget\" data-settings=\"{&quot;_animation&quot;:&quot;fadeIn&quot;,&quot;_animation_delay&quot;:150}\" data-widget_type=\"heading.default\">\n\t\t\t\t<div class=\"elementor-widget-container\">\n\t\t\t\t\t<h2 class=\"elementor-heading-title elementor-size-default\">Legal Disclosure<\/h2>\t\t\t\t<\/div>\n\t\t\t\t<\/div>\n\t\t\t\t\t<\/div>\n\t\t<\/div>\n\t\t\t\t\t<\/div>\n\t\t<\/section>\n\t\t\t\t<section class=\"elementor-section elementor-inner-section elementor-element elementor-element-24c72ef5 elementor-reverse-mobile elementor-section-full_width elementor-section-height-default elementor-section-height-default elementor-invisible\" data-id=\"24c72ef5\" data-element_type=\"section\" data-e-type=\"section\" data-settings=\"{&quot;animation&quot;:&quot;fadeIn&quot;,&quot;animation_delay&quot;:100,&quot;_ha_eqh_enable&quot;:false}\">\n\t\t\t\t\t\t<div class=\"elementor-container elementor-column-gap-no\">\n\t\t\t\t\t<div class=\"elementor-column elementor-col-100 elementor-inner-column elementor-element elementor-element-5cb9b104\" data-id=\"5cb9b104\" data-element_type=\"column\" data-e-type=\"column\" data-settings=\"{&quot;background_background&quot;:&quot;classic&quot;}\">\n\t\t\t<div class=\"elementor-widget-wrap elementor-element-populated\">\n\t\t\t\t\t\t<div class=\"elementor-element elementor-element-8c6feb5 elementor-widget elementor-widget-text-editor\" data-id=\"8c6feb5\" data-element_type=\"widget\" data-e-type=\"widget\" data-widget_type=\"text-editor.default\">\n\t\t\t\t<div class=\"elementor-widget-container\">\n\t\t\t\t\t\t\t\t\t<p><b>Legal Disclosure<\/b><\/p><p>Information in accordance with \u00a7 5 TMG<\/p><p>Second Reef GmbH<br \/>Hinterm Zwinger 14<br \/>92637 Weiden<\/p><p><b>Represented by:<br \/><\/b>Alexander Schwarz<br \/>James S. Bouchie<\/p><p><b>Contact:<br \/><\/b>Phone: 0961 2065 3521<br \/>Email:\u00a0<a href=\"mailto:info@second-reef.com\">info@second-reef.com<\/a><\/p><p><b>Entry in the register:<br \/><\/b>Registration at the local court: Weiden<br \/>Registration number: HRB 5278<\/p><p><b>VAT ID:<br \/><\/b>VAT identification number according to \u00a727a of the VAT Act: DE-325394643<\/p><p><b>Exclusion of liability:\u00a0<\/b><\/p><p><b>Liability for content<\/b><\/p><p>The contents of our pages have been created with the greatest care. However, we cannot assume any liability for the accuracy, completeness and topicality of the content. As a service provider, we are responsible for our own content on these pages in accordance with \u00a7 7 para. 1 TMG (German Telemedia Act) and general laws. According to \u00a7\u00a7 8 to 10 TMG, however, we as a service provider are not obliged to monitor transmitted or stored third-party information or to investigate circumstances that indicate illegal activity. Obligations to remove or block the use of information in accordance with general legislation remain unaffected by this. However, liability in this respect is only possible from the time of knowledge of a specific infringement. As soon as we become aware of such infringements, we will remove this content immediately.<\/p><p><b>Liability for links<\/b><\/p><p>Our website contains links to external third-party websites over whose content we have no influence. Therefore, we cannot accept any liability for this third-party content. The respective provider or operator of the pages is always responsible for the content of the linked pages. The linked pages were checked for possible legal violations at the time of linking. Illegal content was not recognizable at the time of linking. However, permanent monitoring of the content of the linked pages is not reasonable without concrete evidence of an infringement. If we become aware of any legal infringements, we will remove such links immediately.<\/p><p><b>Copyright<\/b><\/p><p>The content and works created by the site operators on these pages are subject to German copyright law. Duplication, processing, distribution and any form of commercialization of such material beyond the scope of the copyright law shall require the prior written consent of its respective author or creator. Downloads and copies of this site are only permitted for private, non-commercial use. Insofar as the content on this site was not created by the operator, the copyrights of third parties are respected. In particular, third-party content is identified as such. Should you nevertheless become aware of a copyright infringement, please inform us accordingly. If we become aware of any infringements, we will remove such content immediately.<\/p><p><b>Privacy Policy<\/b><\/p><p>The use of our website is generally possible without providing personal data. Insofar as personal data (e.g. name, address or e-mail addresses) is collected on our website, this is always done on a voluntary basis as far as possible. This data will not be passed on to third parties without your express consent.<br \/>We would like to point out that data transmission over the Internet (e.g. when communicating by e-mail) may be subject to security vulnerabilities. Complete protection of data against access by third parties is not possible.<br \/>We hereby expressly prohibit the use of contact data published within the scope of the imprint obligation by third parties for sending unsolicited advertising and information material. The operators of this website expressly reserve the right to take legal action in the event of the unsolicited sending of advertising information, such as spam e-mails.<\/p><p>Imprint by\u00a0<a href=\"https:\/\/www.impressum-generator.de\/\">Impressum Generator<\/a>\u00a0of\u00a0<a href=\"https:\/\/www.kanzlei-hasselbach.de\/\">Kanzlei Hasselbach, Rechtsanw\u00e4lte f\u00fcr Arbeitsrecht und Familienrecht<\/a><\/p>\t\t\t\t\t\t\t\t<\/div>\n\t\t\t\t<\/div>\n\t\t\t\t\t<\/div>\n\t\t<\/div>\n\t\t\t\t\t<\/div>\n\t\t<\/section>\n\t\t\t\t\t<\/div>\n\t\t<\/div>\n\t\t\t\t\t<\/div>\n\t\t<\/section>\n\t\t\t\t<\/div>","protected":false},"excerpt":{"rendered":"<p>Impressum Impressum Angaben gem\u00e4\u00df \u00a7 5 TMG Second Reef GmbHHinterm Zwinger 1492637 Weiden Vertreten durch:Alexander SchwarzJames S. Bouchie Kontakt:Telefon: 0961 2065 3521E-Mail:\u00a0info@second-reef.com Registereintrag:Eintragung im Amtsgericht: WeidenRegisternummer: HRB 5278 Umsatzsteuer-ID:Umsatzsteuer-Identifikationsnummer gem\u00e4\u00df \u00a727a Umsatzsteuergesetz:\u00a0DE-325394643 Haftungsausschluss:\u00a0 Haftung f\u00fcr Inhalte Die Inhalte unserer Seiten wurden mit gr\u00f6\u00dfter Sorgfalt erstellt. F\u00fcr die Richtigkeit, Vollst\u00e4ndigkeit und Aktualit\u00e4t der Inhalte k\u00f6nnen wir [&hellip;]<\/p>\n","protected":false},"author":1,"featured_media":0,"parent":0,"menu_order":0,"comment_status":"closed","ping_status":"closed","template":"elementor_header_footer","meta":{"om_disable_all_campaigns":false,"_monsterinsights_skip_tracking":false,"_monsterinsights_sitenote_active":false,"_monsterinsights_sitenote_note":"","_monsterinsights_sitenote_category":0,"_uf_show_specific_survey":0,"_uf_disable_surveys":false,"ngg_post_thumbnail":0,"footnotes":""},"class_list":["post-3220","page","type-page","status-publish","hentry","wpbf-post"],"aioseo_notices":[],"yoast_head":"<!-- This site is optimized with the Yoast SEO plugin v27.6 - https:\/\/yoast.com\/product\/yoast-seo-wordpress\/ -->\n<title>Impressum | Villa Events by Second Reef<\/title>\n<meta name=\"description\" content=\"Impressum von Villa Events in Weiden \u2013 alle rechtlichen Informationen zu unserem Veranstaltungsort.\" \/>\n<meta name=\"robots\" content=\"index, follow, max-snippet:-1, max-image-preview:large, max-video-preview:-1\" \/>\n<link rel=\"canonical\" href=\"https:\/\/villa-events.com\/en\/impressum\/\" \/>\n<meta property=\"og:locale\" content=\"en_GB\" \/>\n<meta property=\"og:type\" content=\"article\" \/>\n<meta property=\"og:title\" content=\"Impressum | Villa Events by Second Reef\" \/>\n<meta property=\"og:description\" content=\"Impressum von Villa Events in Weiden \u2013 alle rechtlichen Informationen zu unserem Veranstaltungsort.\" \/>\n<meta property=\"og:url\" content=\"https:\/\/villa-events.com\/en\/impressum\/\" \/>\n<meta property=\"og:site_name\" content=\"Villa Events by Second Reef\" \/>\n<meta property=\"article:modified_time\" content=\"2024-10-01T09:16:54+00:00\" \/>\n<meta property=\"og:image\" content=\"https:\/\/villa-events.com\/wp-content\/uploads\/2021\/09\/Ville_Events_by_2nd_Reef.png\" \/>\n\t<meta property=\"og:image:width\" content=\"567\" \/>\n\t<meta property=\"og:image:height\" content=\"567\" \/>\n\t<meta property=\"og:image:type\" content=\"image\/png\" \/>\n<meta name=\"twitter:card\" content=\"summary_large_image\" \/>\n<meta name=\"twitter:label1\" content=\"Estimated reading time\" \/>\n\t<meta name=\"twitter:data1\" content=\"3 minutes\" \/>\n<script type=\"application\/ld+json\" class=\"yoast-schema-graph\">{\"@context\":\"https:\\\/\\\/schema.org\",\"@graph\":[{\"@type\":\"WebPage\",\"@id\":\"https:\\\/\\\/villa-events.com\\\/impressum\\\/\",\"url\":\"https:\\\/\\\/villa-events.com\\\/impressum\\\/\",\"name\":\"Impressum | Villa Events by Second Reef\",\"isPartOf\":{\"@id\":\"https:\\\/\\\/villa-events.com\\\/#website\"},\"datePublished\":\"2024-10-01T07:02:15+00:00\",\"dateModified\":\"2024-10-01T09:16:54+00:00\",\"description\":\"Impressum von Villa Events in Weiden \u2013 alle rechtlichen Informationen zu unserem Veranstaltungsort.\",\"breadcrumb\":{\"@id\":\"https:\\\/\\\/villa-events.com\\\/impressum\\\/#breadcrumb\"},\"inLanguage\":\"en-GB\",\"potentialAction\":[{\"@type\":\"ReadAction\",\"target\":[\"https:\\\/\\\/villa-events.com\\\/impressum\\\/\"]}]},{\"@type\":\"BreadcrumbList\",\"@id\":\"https:\\\/\\\/villa-events.com\\\/impressum\\\/#breadcrumb\",\"itemListElement\":[{\"@type\":\"ListItem\",\"position\":1,\"name\":\"Startseite\",\"item\":\"https:\\\/\\\/villa-events.com\\\/\"},{\"@type\":\"ListItem\",\"position\":2,\"name\":\"Impressum\"}]},{\"@type\":\"WebSite\",\"@id\":\"https:\\\/\\\/villa-events.com\\\/#website\",\"url\":\"https:\\\/\\\/villa-events.com\\\/\",\"name\":\"Villa Events by Second Reef\",\"description\":\"\",\"publisher\":{\"@id\":\"https:\\\/\\\/villa-events.com\\\/#organization\"},\"potentialAction\":[{\"@type\":\"SearchAction\",\"target\":{\"@type\":\"EntryPoint\",\"urlTemplate\":\"https:\\\/\\\/villa-events.com\\\/?s={search_term_string}\"},\"query-input\":{\"@type\":\"PropertyValueSpecification\",\"valueRequired\":true,\"valueName\":\"search_term_string\"}}],\"inLanguage\":\"en-GB\"},{\"@type\":\"Organization\",\"@id\":\"https:\\\/\\\/villa-events.com\\\/#organization\",\"name\":\"Villa Events by Second Reef\",\"url\":\"https:\\\/\\\/villa-events.com\\\/\",\"logo\":{\"@type\":\"ImageObject\",\"inLanguage\":\"en-GB\",\"@id\":\"https:\\\/\\\/villa-events.com\\\/#\\\/schema\\\/logo\\\/image\\\/\",\"url\":\"https:\\\/\\\/villa-events.com\\\/wp-content\\\/uploads\\\/2021\\\/09\\\/cropped-Ville_Events_by_2nd_Reef.png\",\"contentUrl\":\"https:\\\/\\\/villa-events.com\\\/wp-content\\\/uploads\\\/2021\\\/09\\\/cropped-Ville_Events_by_2nd_Reef.png\",\"width\":567,\"height\":503,\"caption\":\"Villa Events by Second Reef\"},\"image\":{\"@id\":\"https:\\\/\\\/villa-events.com\\\/#\\\/schema\\\/logo\\\/image\\\/\"}}]}<\/script>\n<!-- \/ Yoast SEO plugin. -->","yoast_head_json":{"title":"Impressum | Villa Events by Second Reef","description":"Impressum von Villa Events in Weiden \u2013 alle rechtlichen Informationen zu unserem Veranstaltungsort.","robots":{"index":"index","follow":"follow","max-snippet":"max-snippet:-1","max-image-preview":"max-image-preview:large","max-video-preview":"max-video-preview:-1"},"canonical":"https:\/\/villa-events.com\/en\/impressum\/","og_locale":"en_GB","og_type":"article","og_title":"Impressum | Villa Events by Second Reef","og_description":"Impressum von Villa Events in Weiden \u2013 alle rechtlichen Informationen zu unserem Veranstaltungsort.","og_url":"https:\/\/villa-events.com\/en\/impressum\/","og_site_name":"Villa Events by Second Reef","article_modified_time":"2024-10-01T09:16:54+00:00","og_image":[{"width":567,"height":567,"url":"https:\/\/villa-events.com\/wp-content\/uploads\/2021\/09\/Ville_Events_by_2nd_Reef.png","type":"image\/png"}],"twitter_card":"summary_large_image","twitter_misc":{"Estimated reading time":"3 minutes"},"schema":{"@context":"https:\/\/schema.org","@graph":[{"@type":"WebPage","@id":"https:\/\/villa-events.com\/impressum\/","url":"https:\/\/villa-events.com\/impressum\/","name":"Impressum | Villa Events by Second Reef","isPartOf":{"@id":"https:\/\/villa-events.com\/#website"},"datePublished":"2024-10-01T07:02:15+00:00","dateModified":"2024-10-01T09:16:54+00:00","description":"Impressum von Villa Events in Weiden \u2013 alle rechtlichen Informationen zu unserem Veranstaltungsort.","breadcrumb":{"@id":"https:\/\/villa-events.com\/impressum\/#breadcrumb"},"inLanguage":"en-GB","potentialAction":[{"@type":"ReadAction","target":["https:\/\/villa-events.com\/impressum\/"]}]},{"@type":"BreadcrumbList","@id":"https:\/\/villa-events.com\/impressum\/#breadcrumb","itemListElement":[{"@type":"ListItem","position":1,"name":"Startseite","item":"https:\/\/villa-events.com\/"},{"@type":"ListItem","position":2,"name":"Impressum"}]},{"@type":"WebSite","@id":"https:\/\/villa-events.com\/#website","url":"https:\/\/villa-events.com\/","name":"Villa Events by Second Reef","description":"","publisher":{"@id":"https:\/\/villa-events.com\/#organization"},"potentialAction":[{"@type":"SearchAction","target":{"@type":"EntryPoint","urlTemplate":"https:\/\/villa-events.com\/?s={search_term_string}"},"query-input":{"@type":"PropertyValueSpecification","valueRequired":true,"valueName":"search_term_string"}}],"inLanguage":"en-GB"},{"@type":"Organization","@id":"https:\/\/villa-events.com\/#organization","name":"Villa Events by Second Reef","url":"https:\/\/villa-events.com\/","logo":{"@type":"ImageObject","inLanguage":"en-GB","@id":"https:\/\/villa-events.com\/#\/schema\/logo\/image\/","url":"https:\/\/villa-events.com\/wp-content\/uploads\/2021\/09\/cropped-Ville_Events_by_2nd_Reef.png","contentUrl":"https:\/\/villa-events.com\/wp-content\/uploads\/2021\/09\/cropped-Ville_Events_by_2nd_Reef.png","width":567,"height":503,"caption":"Villa Events by Second Reef"},"image":{"@id":"https:\/\/villa-events.com\/#\/schema\/logo\/image\/"}}]}},"_links":{"self":[{"href":"https:\/\/villa-events.com\/en\/wp-json\/wp\/v2\/pages\/3220","targetHints":{"allow":["GET"]}}],"collection":[{"href":"https:\/\/villa-events.com\/en\/wp-json\/wp\/v2\/pages"}],"about":[{"href":"https:\/\/villa-events.com\/en\/wp-json\/wp\/v2\/types\/page"}],"author":[{"embeddable":true,"href":"https:\/\/villa-events.com\/en\/wp-json\/wp\/v2\/users\/1"}],"replies":[{"embeddable":true,"href":"https:\/\/villa-events.com\/en\/wp-json\/wp\/v2\/comments?post=3220"}],"version-history":[{"count":5,"href":"https:\/\/villa-events.com\/en\/wp-json\/wp\/v2\/pages\/3220\/revisions"}],"predecessor-version":[{"id":3282,"href":"https:\/\/villa-events.com\/en\/wp-json\/wp\/v2\/pages\/3220\/revisions\/3282"}],"wp:attachment":[{"href":"https:\/\/villa-events.com\/en\/wp-json\/wp\/v2\/media?parent=3220"}],"curies":[{"name":"wp","href":"https:\/\/api.w.org\/{rel}","templated":true}]}}